{"id":438,"date":"2016-09-09T12:47:38","date_gmt":"2016-09-09T11:47:38","guid":{"rendered":"https:\/\/www.basilstrategies.com\/fr\/testimonials\/"},"modified":"2024-05-08T10:48:40","modified_gmt":"2024-05-08T09:48:40","slug":"temoignages","status":"publish","type":"page","link":"https:\/\/www.basilstrategies.com\/fr\/temoignages\/","title":{"rendered":"T\u00e9moignages"},"content":{"rendered":"<div id=\"cs-content\" class=\"cs-content\"><\/div>\n","protected":false},"excerpt":{"rendered":"<p>T\u00e9moignages Basil Strategies a un niveau in\u00e9gal\u00e9 d&rsquo;exp\u00e9rience de travail avec les pionniers de la sant\u00e9 num\u00e9rique \u00e0 travers le monde.KATHI APOSTOLIDIS President Hellenic Cancer FederationDenise Silber est une strat\u00e8ge &#8230; <a href=\"https:\/\/www.basilstrategies.com\/fr\/temoignages\/\" class=\"more-link\">Read More<\/a><\/p>\n","protected":false},"author":1,"featured_media":54781,"parent":0,"menu_order":0,"comment_status":"closed","ping_status":"closed","template":"template-blank-4.php","meta":{"footnotes":""},"class_list":["post-438","page","type-page","status-publish","has-post-thumbnail","hentry"],"yoast_head":"<!-- This site is optimized with the Yoast SEO plugin v27.5 - https:\/\/yoast.com\/product\/yoast-seo-wordpress\/ -->\n<title>T\u00e9moignages - Basil Strategies<\/title>\n<meta name=\"description\" content=\"Basil Strategies a une exp\u00e9rience et connaissance uniques de la sant\u00e9 digitale \u00e0 travers la rencontre de ses innovateurs de partour dans le monde.\" \/>\n<meta name=\"robots\" content=\"index, follow, max-snippet:-1, max-image-preview:large, max-video-preview:-1\" \/>\n<link rel=\"canonical\" href=\"https:\/\/www.basilstrategies.com\/fr\/temoignages\/\" \/>\n<meta property=\"og:locale\" content=\"fr_FR\" \/>\n<meta property=\"og:type\" content=\"article\" \/>\n<meta property=\"og:title\" content=\"T\u00e9moignages - Basil Strategies\" \/>\n<meta property=\"og:description\" content=\"Basil Strategies a une exp\u00e9rience et connaissance uniques de la sant\u00e9 digitale \u00e0 travers la rencontre de ses innovateurs de partour dans le monde.\" \/>\n<meta property=\"og:url\" content=\"https:\/\/www.basilstrategies.com\/fr\/temoignages\/\" \/>\n<meta property=\"og:site_name\" content=\"Basil Strategies\" \/>\n<meta property=\"article:modified_time\" content=\"2024-05-08T09:48:40+00:00\" \/>\n<meta property=\"og:image\" content=\"https:\/\/www.basilstrategies.com\/wp-content\/uploads\/2016\/09\/deniseimages2.jpg\" \/>\n\t<meta property=\"og:image:width\" content=\"349\" \/>\n\t<meta property=\"og:image:height\" content=\"193\" \/>\n\t<meta property=\"og:image:type\" content=\"image\/jpeg\" \/>\n<meta name=\"twitter:card\" content=\"summary_large_image\" \/>\n<meta name=\"twitter:label1\" content=\"Dur\u00e9e de lecture estim\u00e9e\" \/>\n\t<meta name=\"twitter:data1\" content=\"2 minutes\" \/>\n<script type=\"application\/ld+json\" class=\"yoast-schema-graph\">{\"@context\":\"https:\\\/\\\/schema.org\",\"@graph\":[{\"@type\":\"WebPage\",\"@id\":\"https:\\\/\\\/www.basilstrategies.com\\\/fr\\\/temoignages\\\/\",\"url\":\"https:\\\/\\\/www.basilstrategies.com\\\/fr\\\/temoignages\\\/\",\"name\":\"T\u00e9moignages - Basil Strategies\",\"isPartOf\":{\"@id\":\"https:\\\/\\\/www.basilstrategies.com\\\/fr\\\/#website\"},\"primaryImageOfPage\":{\"@id\":\"https:\\\/\\\/www.basilstrategies.com\\\/fr\\\/temoignages\\\/#primaryimage\"},\"image\":{\"@id\":\"https:\\\/\\\/www.basilstrategies.com\\\/fr\\\/temoignages\\\/#primaryimage\"},\"thumbnailUrl\":\"https:\\\/\\\/www.basilstrategies.com\\\/wp-content\\\/uploads\\\/2016\\\/09\\\/deniseimages2.jpg\",\"datePublished\":\"2016-09-09T11:47:38+00:00\",\"dateModified\":\"2024-05-08T09:48:40+00:00\",\"description\":\"Basil Strategies a une exp\u00e9rience et connaissance uniques de la sant\u00e9 digitale \u00e0 travers la rencontre de ses innovateurs de partour dans le monde.\",\"breadcrumb\":{\"@id\":\"https:\\\/\\\/www.basilstrategies.com\\\/fr\\\/temoignages\\\/#breadcrumb\"},\"inLanguage\":\"fr-FR\",\"potentialAction\":[{\"@type\":\"ReadAction\",\"target\":[\"https:\\\/\\\/www.basilstrategies.com\\\/fr\\\/temoignages\\\/\"]}]},{\"@type\":\"ImageObject\",\"inLanguage\":\"fr-FR\",\"@id\":\"https:\\\/\\\/www.basilstrategies.com\\\/fr\\\/temoignages\\\/#primaryimage\",\"url\":\"https:\\\/\\\/www.basilstrategies.com\\\/wp-content\\\/uploads\\\/2016\\\/09\\\/deniseimages2.jpg\",\"contentUrl\":\"https:\\\/\\\/www.basilstrategies.com\\\/wp-content\\\/uploads\\\/2016\\\/09\\\/deniseimages2.jpg\",\"width\":349,\"height\":193},{\"@type\":\"BreadcrumbList\",\"@id\":\"https:\\\/\\\/www.basilstrategies.com\\\/fr\\\/temoignages\\\/#breadcrumb\",\"itemListElement\":[{\"@type\":\"ListItem\",\"position\":1,\"name\":\"Home\",\"item\":\"https:\\\/\\\/www.basilstrategies.com\\\/fr\\\/home-2024-2\\\/\"},{\"@type\":\"ListItem\",\"position\":2,\"name\":\"T\u00e9moignages\"}]},{\"@type\":\"WebSite\",\"@id\":\"https:\\\/\\\/www.basilstrategies.com\\\/fr\\\/#website\",\"url\":\"https:\\\/\\\/www.basilstrategies.com\\\/fr\\\/\",\"name\":\"Basil Strategies\",\"description\":\"\",\"publisher\":{\"@id\":\"https:\\\/\\\/www.basilstrategies.com\\\/fr\\\/#organization\"},\"potentialAction\":[{\"@type\":\"SearchAction\",\"target\":{\"@type\":\"EntryPoint\",\"urlTemplate\":\"https:\\\/\\\/www.basilstrategies.com\\\/fr\\\/?s={search_term_string}\"},\"query-input\":{\"@type\":\"PropertyValueSpecification\",\"valueRequired\":true,\"valueName\":\"search_term_string\"}}],\"inLanguage\":\"fr-FR\"},{\"@type\":\"Organization\",\"@id\":\"https:\\\/\\\/www.basilstrategies.com\\\/fr\\\/#organization\",\"name\":\"Basil Strategies\",\"url\":\"https:\\\/\\\/www.basilstrategies.com\\\/fr\\\/\",\"logo\":{\"@type\":\"ImageObject\",\"inLanguage\":\"fr-FR\",\"@id\":\"https:\\\/\\\/www.basilstrategies.com\\\/fr\\\/#\\\/schema\\\/logo\\\/image\\\/\",\"url\":\"https:\\\/\\\/www.basilstrategies.com\\\/wp-content\\\/uploads\\\/2016\\\/09\\\/basil.sans_.152.png\",\"contentUrl\":\"https:\\\/\\\/www.basilstrategies.com\\\/wp-content\\\/uploads\\\/2016\\\/09\\\/basil.sans_.152.png\",\"width\":152,\"height\":152,\"caption\":\"Basil Strategies\"},\"image\":{\"@id\":\"https:\\\/\\\/www.basilstrategies.com\\\/fr\\\/#\\\/schema\\\/logo\\\/image\\\/\"},\"sameAs\":[\"https:\\\/\\\/fr.linkedin.com\\\/in\\\/denisesilber\"]}]}<\/script>\n<!-- \/ Yoast SEO plugin. -->","yoast_head_json":{"title":"T\u00e9moignages - Basil Strategies","description":"Basil Strategies a une exp\u00e9rience et connaissance uniques de la sant\u00e9 digitale \u00e0 travers la rencontre de ses innovateurs de partour dans le monde.","robots":{"index":"index","follow":"follow","max-snippet":"max-snippet:-1","max-image-preview":"max-image-preview:large","max-video-preview":"max-video-preview:-1"},"canonical":"https:\/\/www.basilstrategies.com\/fr\/temoignages\/","og_locale":"fr_FR","og_type":"article","og_title":"T\u00e9moignages - Basil Strategies","og_description":"Basil Strategies a une exp\u00e9rience et connaissance uniques de la sant\u00e9 digitale \u00e0 travers la rencontre de ses innovateurs de partour dans le monde.","og_url":"https:\/\/www.basilstrategies.com\/fr\/temoignages\/","og_site_name":"Basil Strategies","article_modified_time":"2024-05-08T09:48:40+00:00","og_image":[{"width":349,"height":193,"url":"https:\/\/www.basilstrategies.com\/wp-content\/uploads\/2016\/09\/deniseimages2.jpg","type":"image\/jpeg"}],"twitter_card":"summary_large_image","twitter_misc":{"Dur\u00e9e de lecture estim\u00e9e":"2 minutes"},"schema":{"@context":"https:\/\/schema.org","@graph":[{"@type":"WebPage","@id":"https:\/\/www.basilstrategies.com\/fr\/temoignages\/","url":"https:\/\/www.basilstrategies.com\/fr\/temoignages\/","name":"T\u00e9moignages - Basil Strategies","isPartOf":{"@id":"https:\/\/www.basilstrategies.com\/fr\/#website"},"primaryImageOfPage":{"@id":"https:\/\/www.basilstrategies.com\/fr\/temoignages\/#primaryimage"},"image":{"@id":"https:\/\/www.basilstrategies.com\/fr\/temoignages\/#primaryimage"},"thumbnailUrl":"https:\/\/www.basilstrategies.com\/wp-content\/uploads\/2016\/09\/deniseimages2.jpg","datePublished":"2016-09-09T11:47:38+00:00","dateModified":"2024-05-08T09:48:40+00:00","description":"Basil Strategies a une exp\u00e9rience et connaissance uniques de la sant\u00e9 digitale \u00e0 travers la rencontre de ses innovateurs de partour dans le monde.","breadcrumb":{"@id":"https:\/\/www.basilstrategies.com\/fr\/temoignages\/#breadcrumb"},"inLanguage":"fr-FR","potentialAction":[{"@type":"ReadAction","target":["https:\/\/www.basilstrategies.com\/fr\/temoignages\/"]}]},{"@type":"ImageObject","inLanguage":"fr-FR","@id":"https:\/\/www.basilstrategies.com\/fr\/temoignages\/#primaryimage","url":"https:\/\/www.basilstrategies.com\/wp-content\/uploads\/2016\/09\/deniseimages2.jpg","contentUrl":"https:\/\/www.basilstrategies.com\/wp-content\/uploads\/2016\/09\/deniseimages2.jpg","width":349,"height":193},{"@type":"BreadcrumbList","@id":"https:\/\/www.basilstrategies.com\/fr\/temoignages\/#breadcrumb","itemListElement":[{"@type":"ListItem","position":1,"name":"Home","item":"https:\/\/www.basilstrategies.com\/fr\/home-2024-2\/"},{"@type":"ListItem","position":2,"name":"T\u00e9moignages"}]},{"@type":"WebSite","@id":"https:\/\/www.basilstrategies.com\/fr\/#website","url":"https:\/\/www.basilstrategies.com\/fr\/","name":"Basil Strategies","description":"","publisher":{"@id":"https:\/\/www.basilstrategies.com\/fr\/#organization"},"potentialAction":[{"@type":"SearchAction","target":{"@type":"EntryPoint","urlTemplate":"https:\/\/www.basilstrategies.com\/fr\/?s={search_term_string}"},"query-input":{"@type":"PropertyValueSpecification","valueRequired":true,"valueName":"search_term_string"}}],"inLanguage":"fr-FR"},{"@type":"Organization","@id":"https:\/\/www.basilstrategies.com\/fr\/#organization","name":"Basil Strategies","url":"https:\/\/www.basilstrategies.com\/fr\/","logo":{"@type":"ImageObject","inLanguage":"fr-FR","@id":"https:\/\/www.basilstrategies.com\/fr\/#\/schema\/logo\/image\/","url":"https:\/\/www.basilstrategies.com\/wp-content\/uploads\/2016\/09\/basil.sans_.152.png","contentUrl":"https:\/\/www.basilstrategies.com\/wp-content\/uploads\/2016\/09\/basil.sans_.152.png","width":152,"height":152,"caption":"Basil Strategies"},"image":{"@id":"https:\/\/www.basilstrategies.com\/fr\/#\/schema\/logo\/image\/"},"sameAs":["https:\/\/fr.linkedin.com\/in\/denisesilber"]}]}},"_links":{"self":[{"href":"https:\/\/www.basilstrategies.com\/fr\/wp-json\/wp\/v2\/pages\/438","targetHints":{"allow":["GET"]}}],"collection":[{"href":"https:\/\/www.basilstrategies.com\/fr\/wp-json\/wp\/v2\/pages"}],"about":[{"href":"https:\/\/www.basilstrategies.com\/fr\/wp-json\/wp\/v2\/types\/page"}],"author":[{"embeddable":true,"href":"https:\/\/www.basilstrategies.com\/fr\/wp-json\/wp\/v2\/users\/1"}],"replies":[{"embeddable":true,"href":"https:\/\/www.basilstrategies.com\/fr\/wp-json\/wp\/v2\/comments?post=438"}],"version-history":[{"count":3,"href":"https:\/\/www.basilstrategies.com\/fr\/wp-json\/wp\/v2\/pages\/438\/revisions"}],"predecessor-version":[{"id":55257,"href":"https:\/\/www.basilstrategies.com\/fr\/wp-json\/wp\/v2\/pages\/438\/revisions\/55257"}],"wp:featuredmedia":[{"embeddable":true,"href":"https:\/\/www.basilstrategies.com\/fr\/wp-json\/wp\/v2\/media\/54781"}],"wp:attachment":[{"href":"https:\/\/www.basilstrategies.com\/fr\/wp-json\/wp\/v2\/media?parent=438"}],"curies":[{"name":"wp","href":"https:\/\/api.w.org\/{rel}","templated":true}]}}