{"id":445,"date":"2016-09-08T16:25:13","date_gmt":"2016-09-08T15:25:13","guid":{"rendered":"https:\/\/www.basilstrategies.com\/fr\/about-denise-silber\/"},"modified":"2024-05-08T10:47:32","modified_gmt":"2024-05-08T09:47:32","slug":"a-propos-de-denise-silber","status":"publish","type":"page","link":"https:\/\/www.basilstrategies.com\/fr\/a-propos-de-denise-silber\/","title":{"rendered":"\u00c0 propos de Denise Silber"},"content":{"rendered":"<div id=\"cs-content\" class=\"cs-content\"><\/div>\n","protected":false},"excerpt":{"rendered":"<p>\u00c0 propos de Denise Silber Denise Silber, pr\u00e9sidente-fondatrice de Basil StrategiesPassionn\u00e9e par le potentiel de l\u2019innovation digitale d\u2019am\u00e9liorer la sant\u00e9, Denise Silber, pr\u00e9sidente-fondatrice de Basil Strategies et des congr\u00e8s Doctors &#8230; <a href=\"https:\/\/www.basilstrategies.com\/fr\/a-propos-de-denise-silber\/\" class=\"more-link\">Read More<\/a><\/p>\n","protected":false},"author":1,"featured_media":54779,"parent":0,"menu_order":0,"comment_status":"closed","ping_status":"closed","template":"template-blank-4.php","meta":{"footnotes":""},"class_list":["post-445","page","type-page","status-publish","has-post-thumbnail","hentry"],"yoast_head":"<!-- This site is optimized with the Yoast SEO plugin v27.5 - https:\/\/yoast.com\/product\/yoast-seo-wordpress\/ -->\n<title>\u00c0 propos de Denise Silber - Basil Strategies<\/title>\n<meta name=\"description\" content=\"Denise Silber, founder-president of Basil Strategies, has a deep vision and understanding of the opportunities and challenges of digital health.\" \/>\n<meta name=\"robots\" content=\"index, follow, max-snippet:-1, max-image-preview:large, max-video-preview:-1\" \/>\n<link rel=\"canonical\" href=\"https:\/\/www.basilstrategies.com\/fr\/a-propos-de-denise-silber\/\" \/>\n<meta property=\"og:locale\" content=\"fr_FR\" \/>\n<meta property=\"og:type\" content=\"article\" \/>\n<meta property=\"og:title\" content=\"\u00c0 propos de Denise Silber - Basil Strategies\" \/>\n<meta property=\"og:description\" content=\"Denise Silber, founder-president of Basil Strategies, has a deep vision and understanding of the opportunities and challenges of digital health.\" \/>\n<meta property=\"og:url\" content=\"https:\/\/www.basilstrategies.com\/fr\/a-propos-de-denise-silber\/\" \/>\n<meta property=\"og:site_name\" content=\"Basil Strategies\" \/>\n<meta property=\"article:modified_time\" content=\"2024-05-08T09:47:32+00:00\" \/>\n<meta property=\"og:image\" content=\"https:\/\/www.basilstrategies.com\/wp-content\/uploads\/2016\/09\/denise.350.jpg\" \/>\n\t<meta property=\"og:image:width\" content=\"350\" \/>\n\t<meta property=\"og:image:height\" content=\"438\" \/>\n\t<meta property=\"og:image:type\" content=\"image\/jpeg\" \/>\n<meta name=\"twitter:card\" content=\"summary_large_image\" \/>\n<meta name=\"twitter:label1\" content=\"Dur\u00e9e de lecture estim\u00e9e\" \/>\n\t<meta name=\"twitter:data1\" content=\"7 minutes\" \/>\n<script type=\"application\/ld+json\" class=\"yoast-schema-graph\">{\"@context\":\"https:\\\/\\\/schema.org\",\"@graph\":[{\"@type\":\"WebPage\",\"@id\":\"https:\\\/\\\/www.basilstrategies.com\\\/fr\\\/a-propos-de-denise-silber\\\/\",\"url\":\"https:\\\/\\\/www.basilstrategies.com\\\/fr\\\/a-propos-de-denise-silber\\\/\",\"name\":\"\u00c0 propos de Denise Silber - Basil Strategies\",\"isPartOf\":{\"@id\":\"https:\\\/\\\/www.basilstrategies.com\\\/fr\\\/#website\"},\"primaryImageOfPage\":{\"@id\":\"https:\\\/\\\/www.basilstrategies.com\\\/fr\\\/a-propos-de-denise-silber\\\/#primaryimage\"},\"image\":{\"@id\":\"https:\\\/\\\/www.basilstrategies.com\\\/fr\\\/a-propos-de-denise-silber\\\/#primaryimage\"},\"thumbnailUrl\":\"https:\\\/\\\/www.basilstrategies.com\\\/wp-content\\\/uploads\\\/2016\\\/09\\\/denise.350.jpg\",\"datePublished\":\"2016-09-08T15:25:13+00:00\",\"dateModified\":\"2024-05-08T09:47:32+00:00\",\"description\":\"Denise Silber, founder-president of Basil Strategies, has a deep vision and understanding of the opportunities and challenges of digital health.\",\"breadcrumb\":{\"@id\":\"https:\\\/\\\/www.basilstrategies.com\\\/fr\\\/a-propos-de-denise-silber\\\/#breadcrumb\"},\"inLanguage\":\"fr-FR\",\"potentialAction\":[{\"@type\":\"ReadAction\",\"target\":[\"https:\\\/\\\/www.basilstrategies.com\\\/fr\\\/a-propos-de-denise-silber\\\/\"]}]},{\"@type\":\"ImageObject\",\"inLanguage\":\"fr-FR\",\"@id\":\"https:\\\/\\\/www.basilstrategies.com\\\/fr\\\/a-propos-de-denise-silber\\\/#primaryimage\",\"url\":\"https:\\\/\\\/www.basilstrategies.com\\\/wp-content\\\/uploads\\\/2016\\\/09\\\/denise.350.jpg\",\"contentUrl\":\"https:\\\/\\\/www.basilstrategies.com\\\/wp-content\\\/uploads\\\/2016\\\/09\\\/denise.350.jpg\",\"width\":350,\"height\":438},{\"@type\":\"BreadcrumbList\",\"@id\":\"https:\\\/\\\/www.basilstrategies.com\\\/fr\\\/a-propos-de-denise-silber\\\/#breadcrumb\",\"itemListElement\":[{\"@type\":\"ListItem\",\"position\":1,\"name\":\"Home\",\"item\":\"https:\\\/\\\/www.basilstrategies.com\\\/fr\\\/home-2024-2\\\/\"},{\"@type\":\"ListItem\",\"position\":2,\"name\":\"\u00c0 propos de Denise Silber\"}]},{\"@type\":\"WebSite\",\"@id\":\"https:\\\/\\\/www.basilstrategies.com\\\/fr\\\/#website\",\"url\":\"https:\\\/\\\/www.basilstrategies.com\\\/fr\\\/\",\"name\":\"Basil Strategies\",\"description\":\"\",\"publisher\":{\"@id\":\"https:\\\/\\\/www.basilstrategies.com\\\/fr\\\/#organization\"},\"potentialAction\":[{\"@type\":\"SearchAction\",\"target\":{\"@type\":\"EntryPoint\",\"urlTemplate\":\"https:\\\/\\\/www.basilstrategies.com\\\/fr\\\/?s={search_term_string}\"},\"query-input\":{\"@type\":\"PropertyValueSpecification\",\"valueRequired\":true,\"valueName\":\"search_term_string\"}}],\"inLanguage\":\"fr-FR\"},{\"@type\":\"Organization\",\"@id\":\"https:\\\/\\\/www.basilstrategies.com\\\/fr\\\/#organization\",\"name\":\"Basil Strategies\",\"url\":\"https:\\\/\\\/www.basilstrategies.com\\\/fr\\\/\",\"logo\":{\"@type\":\"ImageObject\",\"inLanguage\":\"fr-FR\",\"@id\":\"https:\\\/\\\/www.basilstrategies.com\\\/fr\\\/#\\\/schema\\\/logo\\\/image\\\/\",\"url\":\"https:\\\/\\\/www.basilstrategies.com\\\/wp-content\\\/uploads\\\/2016\\\/09\\\/basil.sans_.152.png\",\"contentUrl\":\"https:\\\/\\\/www.basilstrategies.com\\\/wp-content\\\/uploads\\\/2016\\\/09\\\/basil.sans_.152.png\",\"width\":152,\"height\":152,\"caption\":\"Basil Strategies\"},\"image\":{\"@id\":\"https:\\\/\\\/www.basilstrategies.com\\\/fr\\\/#\\\/schema\\\/logo\\\/image\\\/\"},\"sameAs\":[\"https:\\\/\\\/fr.linkedin.com\\\/in\\\/denisesilber\"]}]}<\/script>\n<!-- \/ Yoast SEO plugin. -->","yoast_head_json":{"title":"\u00c0 propos de Denise Silber - Basil Strategies","description":"Denise Silber, founder-president of Basil Strategies, has a deep vision and understanding of the opportunities and challenges of digital health.","robots":{"index":"index","follow":"follow","max-snippet":"max-snippet:-1","max-image-preview":"max-image-preview:large","max-video-preview":"max-video-preview:-1"},"canonical":"https:\/\/www.basilstrategies.com\/fr\/a-propos-de-denise-silber\/","og_locale":"fr_FR","og_type":"article","og_title":"\u00c0 propos de Denise Silber - Basil Strategies","og_description":"Denise Silber, founder-president of Basil Strategies, has a deep vision and understanding of the opportunities and challenges of digital health.","og_url":"https:\/\/www.basilstrategies.com\/fr\/a-propos-de-denise-silber\/","og_site_name":"Basil Strategies","article_modified_time":"2024-05-08T09:47:32+00:00","og_image":[{"width":350,"height":438,"url":"https:\/\/www.basilstrategies.com\/wp-content\/uploads\/2016\/09\/denise.350.jpg","type":"image\/jpeg"}],"twitter_card":"summary_large_image","twitter_misc":{"Dur\u00e9e de lecture estim\u00e9e":"7 minutes"},"schema":{"@context":"https:\/\/schema.org","@graph":[{"@type":"WebPage","@id":"https:\/\/www.basilstrategies.com\/fr\/a-propos-de-denise-silber\/","url":"https:\/\/www.basilstrategies.com\/fr\/a-propos-de-denise-silber\/","name":"\u00c0 propos de Denise Silber - Basil Strategies","isPartOf":{"@id":"https:\/\/www.basilstrategies.com\/fr\/#website"},"primaryImageOfPage":{"@id":"https:\/\/www.basilstrategies.com\/fr\/a-propos-de-denise-silber\/#primaryimage"},"image":{"@id":"https:\/\/www.basilstrategies.com\/fr\/a-propos-de-denise-silber\/#primaryimage"},"thumbnailUrl":"https:\/\/www.basilstrategies.com\/wp-content\/uploads\/2016\/09\/denise.350.jpg","datePublished":"2016-09-08T15:25:13+00:00","dateModified":"2024-05-08T09:47:32+00:00","description":"Denise Silber, founder-president of Basil Strategies, has a deep vision and understanding of the opportunities and challenges of digital health.","breadcrumb":{"@id":"https:\/\/www.basilstrategies.com\/fr\/a-propos-de-denise-silber\/#breadcrumb"},"inLanguage":"fr-FR","potentialAction":[{"@type":"ReadAction","target":["https:\/\/www.basilstrategies.com\/fr\/a-propos-de-denise-silber\/"]}]},{"@type":"ImageObject","inLanguage":"fr-FR","@id":"https:\/\/www.basilstrategies.com\/fr\/a-propos-de-denise-silber\/#primaryimage","url":"https:\/\/www.basilstrategies.com\/wp-content\/uploads\/2016\/09\/denise.350.jpg","contentUrl":"https:\/\/www.basilstrategies.com\/wp-content\/uploads\/2016\/09\/denise.350.jpg","width":350,"height":438},{"@type":"BreadcrumbList","@id":"https:\/\/www.basilstrategies.com\/fr\/a-propos-de-denise-silber\/#breadcrumb","itemListElement":[{"@type":"ListItem","position":1,"name":"Home","item":"https:\/\/www.basilstrategies.com\/fr\/home-2024-2\/"},{"@type":"ListItem","position":2,"name":"\u00c0 propos de Denise Silber"}]},{"@type":"WebSite","@id":"https:\/\/www.basilstrategies.com\/fr\/#website","url":"https:\/\/www.basilstrategies.com\/fr\/","name":"Basil Strategies","description":"","publisher":{"@id":"https:\/\/www.basilstrategies.com\/fr\/#organization"},"potentialAction":[{"@type":"SearchAction","target":{"@type":"EntryPoint","urlTemplate":"https:\/\/www.basilstrategies.com\/fr\/?s={search_term_string}"},"query-input":{"@type":"PropertyValueSpecification","valueRequired":true,"valueName":"search_term_string"}}],"inLanguage":"fr-FR"},{"@type":"Organization","@id":"https:\/\/www.basilstrategies.com\/fr\/#organization","name":"Basil Strategies","url":"https:\/\/www.basilstrategies.com\/fr\/","logo":{"@type":"ImageObject","inLanguage":"fr-FR","@id":"https:\/\/www.basilstrategies.com\/fr\/#\/schema\/logo\/image\/","url":"https:\/\/www.basilstrategies.com\/wp-content\/uploads\/2016\/09\/basil.sans_.152.png","contentUrl":"https:\/\/www.basilstrategies.com\/wp-content\/uploads\/2016\/09\/basil.sans_.152.png","width":152,"height":152,"caption":"Basil Strategies"},"image":{"@id":"https:\/\/www.basilstrategies.com\/fr\/#\/schema\/logo\/image\/"},"sameAs":["https:\/\/fr.linkedin.com\/in\/denisesilber"]}]}},"_links":{"self":[{"href":"https:\/\/www.basilstrategies.com\/fr\/wp-json\/wp\/v2\/pages\/445","targetHints":{"allow":["GET"]}}],"collection":[{"href":"https:\/\/www.basilstrategies.com\/fr\/wp-json\/wp\/v2\/pages"}],"about":[{"href":"https:\/\/www.basilstrategies.com\/fr\/wp-json\/wp\/v2\/types\/page"}],"author":[{"embeddable":true,"href":"https:\/\/www.basilstrategies.com\/fr\/wp-json\/wp\/v2\/users\/1"}],"replies":[{"embeddable":true,"href":"https:\/\/www.basilstrategies.com\/fr\/wp-json\/wp\/v2\/comments?post=445"}],"version-history":[{"count":4,"href":"https:\/\/www.basilstrategies.com\/fr\/wp-json\/wp\/v2\/pages\/445\/revisions"}],"predecessor-version":[{"id":55269,"href":"https:\/\/www.basilstrategies.com\/fr\/wp-json\/wp\/v2\/pages\/445\/revisions\/55269"}],"wp:featuredmedia":[{"embeddable":true,"href":"https:\/\/www.basilstrategies.com\/fr\/wp-json\/wp\/v2\/media\/54779"}],"wp:attachment":[{"href":"https:\/\/www.basilstrategies.com\/fr\/wp-json\/wp\/v2\/media?parent=445"}],"curies":[{"name":"wp","href":"https:\/\/api.w.org\/{rel}","templated":true}]}}