{"id":55229,"date":"2024-04-24T14:27:01","date_gmt":"2024-04-24T13:27:01","guid":{"rendered":"https:\/\/test.basilstrategies.com\/home-2024-fr\/"},"modified":"2025-05-15T15:49:33","modified_gmt":"2025-05-15T14:49:33","slug":"home-2024-2","status":"publish","type":"page","link":"https:\/\/www.basilstrategies.com\/fr\/","title":{"rendered":"Home 2024 (fr)"},"content":{"rendered":"<div id=\"cs-content\" class=\"cs-content\"><\/div>\n","protected":false},"excerpt":{"rendered":"<p>BASIL STRATEGIES Sant\u00e9 digitale et Communication Fond\u00e9e par Denise Silber, pour ensemble, am\u00e9liorer la vie des patients, gr\u00e2ce au num\u00e9rique. BLOGPrise de paroleConception de programmeStrat\u00e9gieCoachingR\u00e9seaux sociaux &#038; formation\u00c0 propos de &#8230; <a href=\"https:\/\/www.basilstrategies.com\/fr\/\" class=\"more-link\">Read More<\/a><\/p>\n","protected":false},"author":1,"featured_media":0,"parent":0,"menu_order":0,"comment_status":"closed","ping_status":"closed","template":"template-blank-4.php","meta":{"footnotes":""},"class_list":["post-55229","page","type-page","status-publish","hentry","no-post-thumbnail"],"yoast_head":"<!-- This site is optimized with the Yoast SEO plugin v27.4 - https:\/\/yoast.com\/product\/yoast-seo-wordpress\/ -->\n<title>Home 2024 (fr) - Basil Strategies<\/title>\n<meta name=\"robots\" content=\"index, follow, max-snippet:-1, max-image-preview:large, max-video-preview:-1\" \/>\n<link rel=\"canonical\" href=\"https:\/\/www.basilstrategies.com\/fr\/\" \/>\n<meta property=\"og:locale\" content=\"fr_FR\" \/>\n<meta property=\"og:type\" content=\"article\" \/>\n<meta property=\"og:title\" content=\"Home 2024 (fr) - Basil Strategies\" \/>\n<meta property=\"og:description\" content=\"BASIL STRATEGIES Sant\u00e9 digitale et Communication Fond\u00e9e par Denise Silber, pour ensemble, am\u00e9liorer la vie des patients, gr\u00e2ce au num\u00e9rique. BLOGPrise de paroleConception de programmeStrat\u00e9gieCoachingR\u00e9seaux sociaux &amp; formation\u00c0 propos de ... Read More\" \/>\n<meta property=\"og:url\" content=\"https:\/\/www.basilstrategies.com\/fr\/\" \/>\n<meta property=\"og:site_name\" content=\"Basil Strategies\" \/>\n<meta property=\"article:modified_time\" content=\"2025-05-15T14:49:33+00:00\" \/>\n<meta name=\"twitter:card\" content=\"summary_large_image\" \/>\n<meta name=\"twitter:label1\" content=\"Dur\u00e9e de lecture estim\u00e9e\" \/>\n\t<meta name=\"twitter:data1\" content=\"12 minutes\" \/>\n<script type=\"application\/ld+json\" class=\"yoast-schema-graph\">{\"@context\":\"https:\\\/\\\/schema.org\",\"@graph\":[{\"@type\":\"WebPage\",\"@id\":\"https:\\\/\\\/www.basilstrategies.com\\\/fr\\\/\",\"url\":\"https:\\\/\\\/www.basilstrategies.com\\\/fr\\\/\",\"name\":\"Home 2024 (fr) - Basil Strategies\",\"isPartOf\":{\"@id\":\"https:\\\/\\\/www.basilstrategies.com\\\/fr\\\/#website\"},\"datePublished\":\"2024-04-24T13:27:01+00:00\",\"dateModified\":\"2025-05-15T14:49:33+00:00\",\"breadcrumb\":{\"@id\":\"https:\\\/\\\/www.basilstrategies.com\\\/fr\\\/#breadcrumb\"},\"inLanguage\":\"fr-FR\",\"potentialAction\":[{\"@type\":\"ReadAction\",\"target\":[\"https:\\\/\\\/www.basilstrategies.com\\\/fr\\\/\"]}]},{\"@type\":\"BreadcrumbList\",\"@id\":\"https:\\\/\\\/www.basilstrategies.com\\\/fr\\\/#breadcrumb\",\"itemListElement\":[{\"@type\":\"ListItem\",\"position\":1,\"name\":\"Home\",\"item\":\"https:\\\/\\\/www.basilstrategies.com\\\/fr\\\/home-2024-2\\\/\"},{\"@type\":\"ListItem\",\"position\":2,\"name\":\"Home 2024 (fr)\"}]},{\"@type\":\"WebSite\",\"@id\":\"https:\\\/\\\/www.basilstrategies.com\\\/fr\\\/#website\",\"url\":\"https:\\\/\\\/www.basilstrategies.com\\\/fr\\\/\",\"name\":\"Basil Strategies\",\"description\":\"\",\"publisher\":{\"@id\":\"https:\\\/\\\/www.basilstrategies.com\\\/fr\\\/#organization\"},\"potentialAction\":[{\"@type\":\"SearchAction\",\"target\":{\"@type\":\"EntryPoint\",\"urlTemplate\":\"https:\\\/\\\/www.basilstrategies.com\\\/fr\\\/?s={search_term_string}\"},\"query-input\":{\"@type\":\"PropertyValueSpecification\",\"valueRequired\":true,\"valueName\":\"search_term_string\"}}],\"inLanguage\":\"fr-FR\"},{\"@type\":\"Organization\",\"@id\":\"https:\\\/\\\/www.basilstrategies.com\\\/fr\\\/#organization\",\"name\":\"Basil Strategies\",\"url\":\"https:\\\/\\\/www.basilstrategies.com\\\/fr\\\/\",\"logo\":{\"@type\":\"ImageObject\",\"inLanguage\":\"fr-FR\",\"@id\":\"https:\\\/\\\/www.basilstrategies.com\\\/fr\\\/#\\\/schema\\\/logo\\\/image\\\/\",\"url\":\"https:\\\/\\\/www.basilstrategies.com\\\/wp-content\\\/uploads\\\/2016\\\/09\\\/basil.sans_.152.png\",\"contentUrl\":\"https:\\\/\\\/www.basilstrategies.com\\\/wp-content\\\/uploads\\\/2016\\\/09\\\/basil.sans_.152.png\",\"width\":152,\"height\":152,\"caption\":\"Basil Strategies\"},\"image\":{\"@id\":\"https:\\\/\\\/www.basilstrategies.com\\\/fr\\\/#\\\/schema\\\/logo\\\/image\\\/\"},\"sameAs\":[\"https:\\\/\\\/fr.linkedin.com\\\/in\\\/denisesilber\"]}]}<\/script>\n<!-- \/ Yoast SEO plugin. -->","yoast_head_json":{"title":"Home 2024 (fr) - Basil Strategies","robots":{"index":"index","follow":"follow","max-snippet":"max-snippet:-1","max-image-preview":"max-image-preview:large","max-video-preview":"max-video-preview:-1"},"canonical":"https:\/\/www.basilstrategies.com\/fr\/","og_locale":"fr_FR","og_type":"article","og_title":"Home 2024 (fr) - Basil Strategies","og_description":"BASIL STRATEGIES Sant\u00e9 digitale et Communication Fond\u00e9e par Denise Silber, pour ensemble, am\u00e9liorer la vie des patients, gr\u00e2ce au num\u00e9rique. BLOGPrise de paroleConception de programmeStrat\u00e9gieCoachingR\u00e9seaux sociaux & formation\u00c0 propos de ... Read More","og_url":"https:\/\/www.basilstrategies.com\/fr\/","og_site_name":"Basil Strategies","article_modified_time":"2025-05-15T14:49:33+00:00","twitter_card":"summary_large_image","twitter_misc":{"Dur\u00e9e de lecture estim\u00e9e":"12 minutes"},"schema":{"@context":"https:\/\/schema.org","@graph":[{"@type":"WebPage","@id":"https:\/\/www.basilstrategies.com\/fr\/","url":"https:\/\/www.basilstrategies.com\/fr\/","name":"Home 2024 (fr) - Basil Strategies","isPartOf":{"@id":"https:\/\/www.basilstrategies.com\/fr\/#website"},"datePublished":"2024-04-24T13:27:01+00:00","dateModified":"2025-05-15T14:49:33+00:00","breadcrumb":{"@id":"https:\/\/www.basilstrategies.com\/fr\/#breadcrumb"},"inLanguage":"fr-FR","potentialAction":[{"@type":"ReadAction","target":["https:\/\/www.basilstrategies.com\/fr\/"]}]},{"@type":"BreadcrumbList","@id":"https:\/\/www.basilstrategies.com\/fr\/#breadcrumb","itemListElement":[{"@type":"ListItem","position":1,"name":"Home","item":"https:\/\/www.basilstrategies.com\/fr\/home-2024-2\/"},{"@type":"ListItem","position":2,"name":"Home 2024 (fr)"}]},{"@type":"WebSite","@id":"https:\/\/www.basilstrategies.com\/fr\/#website","url":"https:\/\/www.basilstrategies.com\/fr\/","name":"Basil Strategies","description":"","publisher":{"@id":"https:\/\/www.basilstrategies.com\/fr\/#organization"},"potentialAction":[{"@type":"SearchAction","target":{"@type":"EntryPoint","urlTemplate":"https:\/\/www.basilstrategies.com\/fr\/?s={search_term_string}"},"query-input":{"@type":"PropertyValueSpecification","valueRequired":true,"valueName":"search_term_string"}}],"inLanguage":"fr-FR"},{"@type":"Organization","@id":"https:\/\/www.basilstrategies.com\/fr\/#organization","name":"Basil Strategies","url":"https:\/\/www.basilstrategies.com\/fr\/","logo":{"@type":"ImageObject","inLanguage":"fr-FR","@id":"https:\/\/www.basilstrategies.com\/fr\/#\/schema\/logo\/image\/","url":"https:\/\/www.basilstrategies.com\/wp-content\/uploads\/2016\/09\/basil.sans_.152.png","contentUrl":"https:\/\/www.basilstrategies.com\/wp-content\/uploads\/2016\/09\/basil.sans_.152.png","width":152,"height":152,"caption":"Basil Strategies"},"image":{"@id":"https:\/\/www.basilstrategies.com\/fr\/#\/schema\/logo\/image\/"},"sameAs":["https:\/\/fr.linkedin.com\/in\/denisesilber"]}]}},"_links":{"self":[{"href":"https:\/\/www.basilstrategies.com\/fr\/wp-json\/wp\/v2\/pages\/55229","targetHints":{"allow":["GET"]}}],"collection":[{"href":"https:\/\/www.basilstrategies.com\/fr\/wp-json\/wp\/v2\/pages"}],"about":[{"href":"https:\/\/www.basilstrategies.com\/fr\/wp-json\/wp\/v2\/types\/page"}],"author":[{"embeddable":true,"href":"https:\/\/www.basilstrategies.com\/fr\/wp-json\/wp\/v2\/users\/1"}],"replies":[{"embeddable":true,"href":"https:\/\/www.basilstrategies.com\/fr\/wp-json\/wp\/v2\/comments?post=55229"}],"version-history":[{"count":12,"href":"https:\/\/www.basilstrategies.com\/fr\/wp-json\/wp\/v2\/pages\/55229\/revisions"}],"predecessor-version":[{"id":58592,"href":"https:\/\/www.basilstrategies.com\/fr\/wp-json\/wp\/v2\/pages\/55229\/revisions\/58592"}],"wp:attachment":[{"href":"https:\/\/www.basilstrategies.com\/fr\/wp-json\/wp\/v2\/media?parent=55229"}],"curies":[{"name":"wp","href":"https:\/\/api.w.org\/{rel}","templated":true}]}}